{"id":54,"date":"2025-03-19T08:06:20","date_gmt":"2025-03-19T14:06:20","guid":{"rendered":"https:\/\/dualels.org.sv\/?page_id=54"},"modified":"2025-05-23T11:49:31","modified_gmt":"2025-05-23T17:49:31","slug":"socios","status":"publish","type":"page","link":"https:\/\/dualels.org.sv\/?page_id=54","title":{"rendered":"Socios"},"content":{"rendered":"<p>El Comit\u00e9 Directivo (SC) coordina las actividades generales del proyecto y los paquetes de trabajo. SC ser\u00e1 responsable de la gesti\u00f3n continua del proyecto, proporcionando los principales canales para la comunicaci\u00f3n, la interacci\u00f3n y el seguimiento de los socios. El SC aporta informaci\u00f3n sobre cuestiones estrat\u00e9gicas y organizativas y define los est\u00e1ndares del proyecto y acordar\u00e1 todas las pol\u00edticas del proyecto que deben declararse formal y expl\u00edcitamente.<\/p>\n<p>El CP est\u00e1 formado por representantes de las siguientes instituciones:<\/p>\n<table style=\"border-style: solid; border-color: #000000; width: 99.8669%; height: 1171px;\">\n<tbody>\n<tr style=\"height: 24px;\">\n<td style=\"width: 59.3294%; border-style: solid; border-color: #000000; text-align: center; height: 24px;\"><strong>Nombre de la instituci\u00f3n<\/strong><\/td>\n<td style=\"width: 10.894%; border-style: solid; border-color: #000000; text-align: center; height: 24px;\"><strong>Acr\u00f3nimo<\/strong><\/td>\n<td style=\"width: 70.0949%; border-style: solid; border-color: #000000; text-align: center; height: 24px;\"><strong>Logo<\/strong><\/td>\n<td style=\"width: 6.43337%; border-style: solid; border-color: #000000; text-align: center; height: 24px;\"><strong>Sitio web<\/strong><strong><br \/>\n<\/strong><\/td>\n<\/tr>\n<tr style=\"height: 98px;\">\n<td style=\"width: 59.3294%; border-style: solid; border-color: #000000; height: 98px;\">Universidad de Novi Sad<\/td>\n<td style=\"width: 10.894%; border-style: solid; border-color: #000000; text-align: center; height: 98px;\">UNS<\/td>\n<td style=\"width: 70.0949%; border-style: solid; border-color: #000000; text-align: center; height: 98px;\"><a href=\"http:\/\/https:\/\/www.uns.ac.rs\/\" target=\"_blank\" rel=\"noopener\"><img loading=\"lazy\" decoding=\"async\" class=\"aligncenter wp-image-13\" src=\"https:\/\/dualels.org.sv\/wp-content\/uploads\/2025\/03\/Neoplantensis-300x230.jpg\" alt=\"\" width=\"129\" height=\"99\" srcset=\"https:\/\/dualels.org.sv\/wp-content\/uploads\/2025\/03\/Neoplantensis-300x230.jpg 300w, https:\/\/dualels.org.sv\/wp-content\/uploads\/2025\/03\/Neoplantensis.jpg 366w\" sizes=\"auto, (max-width: 129px) 100vw, 129px\" \/><\/a><\/td>\n<td style=\"width: 6.43337%; border-style: solid; border-color: #000000; text-align: center; height: 98px;\"><a href=\"https:\/\/www.uns.ac.rs\/\" target=\"_blank\" rel=\"noopener\">https:\/\/www.uns.ac.rs\/<\/a><\/td>\n<\/tr>\n<tr style=\"height: 24px;\">\n<td style=\"width: 59.3294%; border-style: solid; border-color: #000000; height: 24px;\">Academia<\/td>\n<td style=\"width: 10.894%; border-style: solid; border-color: #000000; text-align: center; height: 24px;\">ACADEMIA<\/td>\n<td style=\"width: 70.0949%; border-style: solid; border-color: #000000; text-align: center; height: 24px;\"><a href=\"https:\/\/www.academia.si\/en\" target=\"_blank\" rel=\"noopener\"><img loading=\"lazy\" decoding=\"async\" class=\"aligncenter wp-image-7\" src=\"https:\/\/dualels.org.sv\/wp-content\/uploads\/2025\/03\/Academia-300x230.jpg\" alt=\"\" width=\"129\" height=\"99\" srcset=\"https:\/\/dualels.org.sv\/wp-content\/uploads\/2025\/03\/Academia-300x230.jpg 300w, https:\/\/dualels.org.sv\/wp-content\/uploads\/2025\/03\/Academia.jpg 366w\" sizes=\"auto, (max-width: 129px) 100vw, 129px\" \/><\/a><\/td>\n<td style=\"width: 6.43337%; border-style: solid; border-color: #000000; text-align: center; height: 24px;\"><a href=\"https:\/\/www.academia.si\/en\">https:\/\/www.academia.si\/en<\/a><\/td>\n<\/tr>\n<tr style=\"height: 24px;\">\n<td style=\"width: 59.3294%; border-style: solid; border-color: #000000; height: 24px;\">Universidad de C\u00e1diz<\/td>\n<td style=\"width: 10.894%; border-style: solid; border-color: #000000; text-align: center; height: 24px;\">UCA<\/td>\n<td style=\"width: 70.0949%; border-style: solid; border-color: #000000; text-align: center; height: 24px;\"><a href=\"https:\/\/www.uca.es\/\" target=\"_blank\" rel=\"noopener\"><img loading=\"lazy\" decoding=\"async\" class=\"aligncenter wp-image-15\" src=\"https:\/\/dualels.org.sv\/wp-content\/uploads\/2025\/03\/UCA-300x230.jpg\" alt=\"\" width=\"129\" height=\"99\" srcset=\"https:\/\/dualels.org.sv\/wp-content\/uploads\/2025\/03\/UCA-300x230.jpg 300w, https:\/\/dualels.org.sv\/wp-content\/uploads\/2025\/03\/UCA.jpg 366w\" sizes=\"auto, (max-width: 129px) 100vw, 129px\" \/><\/a><\/td>\n<td style=\"width: 6.43337%; border-style: solid; border-color: #000000; text-align: center; height: 24px;\"><a href=\"https:\/\/www.uca.es\/\">https:\/\/www.uca.es\/<\/a><\/td>\n<\/tr>\n<tr style=\"height: 98px;\">\n<td style=\"width: 59.3294%; border-style: solid; border-color: #000000; height: 98px;\">Technical University of El Salvador (Universidad Tecnol\u00f3gica de El Salvador)<\/td>\n<td style=\"width: 10.894%; border-style: solid; border-color: #000000; text-align: center; height: 98px;\">UTEC<\/td>\n<td style=\"width: 70.0949%; border-style: solid; border-color: #000000; text-align: center; height: 98px;\"><a href=\"https:\/\/www.utec.edu.sv\/\" target=\"_blank\" rel=\"noopener\"><img loading=\"lazy\" decoding=\"async\" class=\"aligncenter wp-image-14\" src=\"https:\/\/dualels.org.sv\/wp-content\/uploads\/2025\/03\/Tecnologica-300x230.jpg\" alt=\"\" width=\"129\" height=\"99\" srcset=\"https:\/\/dualels.org.sv\/wp-content\/uploads\/2025\/03\/Tecnologica-300x230.jpg 300w, https:\/\/dualels.org.sv\/wp-content\/uploads\/2025\/03\/Tecnologica.jpg 366w\" sizes=\"auto, (max-width: 129px) 100vw, 129px\" \/><\/a><\/td>\n<td style=\"width: 6.43337%; border-style: solid; border-color: #000000; text-align: center; height: 98px;\"><a href=\"https:\/\/www.utec.edu.sv\/\" target=\"_blank\" rel=\"noopener\">https:\/\/www.utec.edu.sv\/<\/a><\/td>\n<\/tr>\n<tr style=\"height: 105px;\">\n<td style=\"width: 59.3294%; border-style: solid; border-color: #000000; height: 105px;\">University of El Salvador (Universidad de El Salvador)<\/td>\n<td style=\"width: 10.894%; border-style: solid; border-color: #000000; text-align: center; height: 105px;\">UES<\/td>\n<td style=\"width: 70.0949%; border-style: solid; border-color: #000000; text-align: center; height: 105px;\"><a href=\"https:\/\/www.ues.edu.sv\/\" target=\"_blank\" rel=\"noopener\"><img loading=\"lazy\" decoding=\"async\" class=\"aligncenter wp-image-16\" src=\"https:\/\/dualels.org.sv\/wp-content\/uploads\/2025\/03\/UES-300x230.jpg\" alt=\"\" width=\"129\" height=\"99\" srcset=\"https:\/\/dualels.org.sv\/wp-content\/uploads\/2025\/03\/UES-300x230.jpg 300w, https:\/\/dualels.org.sv\/wp-content\/uploads\/2025\/03\/UES.jpg 366w\" sizes=\"auto, (max-width: 129px) 100vw, 129px\" \/><\/a><\/td>\n<td style=\"width: 6.43337%; border-style: solid; border-color: #000000; text-align: center; height: 105px;\"><a href=\"https:\/\/www.ues.edu.sv\/\" target=\"_blank\" rel=\"noopener\">https:\/\/www.ues.edu.sv\/<\/a><\/td>\n<\/tr>\n<tr style=\"height: 98px;\">\n<td style=\"width: 59.3294%; border-style: solid; border-color: #000000; height: 98px;\">Pedagogical University of El Salvador (Universidad Pedag\u00f3gica de El Salvador)<\/td>\n<td style=\"width: 10.894%; border-style: solid; border-color: #000000; text-align: center; height: 98px;\">UPED<\/td>\n<td style=\"width: 70.0949%; border-style: solid; border-color: #000000; text-align: center; height: 98px;\"><a href=\"https:\/\/www.pedagogica.edu.sv\/\" target=\"_blank\" rel=\"noopener\"><img loading=\"lazy\" decoding=\"async\" class=\"aligncenter wp-image-20\" src=\"https:\/\/dualels.org.sv\/wp-content\/uploads\/2025\/03\/UPED-300x230.jpg\" alt=\"\" width=\"129\" height=\"99\" srcset=\"https:\/\/dualels.org.sv\/wp-content\/uploads\/2025\/03\/UPED-300x230.jpg 300w, https:\/\/dualels.org.sv\/wp-content\/uploads\/2025\/03\/UPED.jpg 366w\" sizes=\"auto, (max-width: 129px) 100vw, 129px\" \/><\/a><\/td>\n<td style=\"width: 6.43337%; border-style: solid; border-color: #000000; text-align: center; height: 98px;\"><a href=\"https:\/\/www.pedagogica.edu.sv\/\" target=\"_blank\" rel=\"noopener\">https:\/\/www.pedagogica.edu.sv\/<\/a><\/td>\n<\/tr>\n<tr>\n<td style=\"width: 59.3294%; border-style: solid; border-color: #000000;\">Gerardo Barrios University (Universidad Gerardo Barrios)<\/td>\n<td style=\"width: 10.894%; border-style: solid; border-color: #000000; text-align: center;\">UGB<\/td>\n<td style=\"width: 70.0949%; border-style: solid; border-color: #000000; text-align: center;\"><a href=\"http:\/\/ugb.edu.sv\" target=\"_blank\" rel=\"noopener\"><img loading=\"lazy\" decoding=\"async\" class=\"aligncenter wp-image-17\" src=\"https:\/\/dualels.org.sv\/wp-content\/uploads\/2025\/03\/UGB-300x230.jpg\" alt=\"\" width=\"129\" height=\"99\" srcset=\"https:\/\/dualels.org.sv\/wp-content\/uploads\/2025\/03\/UGB-300x230.jpg 300w, https:\/\/dualels.org.sv\/wp-content\/uploads\/2025\/03\/UGB.jpg 366w\" sizes=\"auto, (max-width: 129px) 100vw, 129px\" \/><\/a><\/td>\n<td style=\"width: 6.43337%; border-style: solid; border-color: #000000; text-align: center;\"><a href=\"https:\/\/ugb.edu.sv\">https:\/\/ugb.edu.sv<\/a><\/td>\n<\/tr>\n<tr style=\"height: 105px;\">\n<td style=\"width: 59.3294%; border-style: solid; border-color: #000000; height: 105px;\">Ministerio de Educaci\u00f3n, Ciencia y Tecnolog\u00eda<\/td>\n<td style=\"width: 10.894%; border-style: solid; border-color: #000000; text-align: center; height: 105px;\">MINEDUCYT<\/td>\n<td style=\"width: 70.0949%; border-style: solid; border-color: #000000; text-align: center; height: 105px;\"><a href=\"https:\/\/www.mined.gob.sv\/\" target=\"_blank\" rel=\"noopener\"><img loading=\"lazy\" decoding=\"async\" class=\"aligncenter wp-image-12\" src=\"https:\/\/dualels.org.sv\/wp-content\/uploads\/2025\/03\/MINED-300x230.jpg\" alt=\"\" width=\"129\" height=\"99\" srcset=\"https:\/\/dualels.org.sv\/wp-content\/uploads\/2025\/03\/MINED-300x230.jpg 300w, https:\/\/dualels.org.sv\/wp-content\/uploads\/2025\/03\/MINED.jpg 366w\" sizes=\"auto, (max-width: 129px) 100vw, 129px\" \/><\/a><\/td>\n<td style=\"width: 6.43337%; border-style: solid; border-color: #000000; text-align: center; height: 105px;\"><a href=\"https:\/\/www.mined.gob.sv\/\" target=\"_blank\" rel=\"noopener\">https:\/\/www.mined.gob.sv\/<\/a><\/td>\n<\/tr>\n<tr style=\"height: 98px;\">\n<td style=\"width: 59.3294%; border-style: solid; border-color: #000000; height: 98px;\">Universidad Aut\u00f3noma de Santa Ana<\/td>\n<td style=\"width: 10.894%; border-style: solid; border-color: #000000; text-align: center; height: 98px;\">UNASA<\/td>\n<td style=\"width: 70.0949%; border-style: solid; border-color: #000000; text-align: center; height: 98px;\"><a href=\"https:\/\/www.unasa.edu.sv\/\" target=\"_blank\" rel=\"noopener\"><img loading=\"lazy\" decoding=\"async\" class=\"aligncenter wp-image-18\" src=\"https:\/\/dualels.org.sv\/wp-content\/uploads\/2025\/03\/UNASA-300x230.jpg\" alt=\"\" width=\"129\" height=\"99\" srcset=\"https:\/\/dualels.org.sv\/wp-content\/uploads\/2025\/03\/UNASA-300x230.jpg 300w, https:\/\/dualels.org.sv\/wp-content\/uploads\/2025\/03\/UNASA.jpg 366w\" sizes=\"auto, (max-width: 129px) 100vw, 129px\" \/><\/a><\/td>\n<td style=\"width: 6.43337%; border-style: solid; border-color: #000000; text-align: center; height: 98px;\"><a href=\"https:\/\/www.unasa.edu.sv\/\" target=\"_blank\" rel=\"noopener\">https:\/\/www.unasa.edu.sv\/<\/a><\/td>\n<\/tr>\n<tr style=\"height: 105px;\">\n<td style=\"width: 59.3294%; border-style: solid; border-color: #000000; height: 105px;\">Salvadoran University Alberto Masferrer (Universidad Salvadore\u00f1a Alberto Masferrer)<\/td>\n<td style=\"width: 10.894%; border-style: solid; border-color: #000000; text-align: center; height: 105px;\">USAM<\/td>\n<td style=\"width: 70.0949%; border-style: solid; border-color: #000000; text-align: center; height: 105px;\"><a href=\"https:\/\/www.usam.edu.sv\/\" target=\"_blank\" rel=\"noopener\"><img loading=\"lazy\" decoding=\"async\" class=\"aligncenter wp-image-8\" src=\"https:\/\/dualels.org.sv\/wp-content\/uploads\/2025\/03\/Alberto-Masferer-300x230.jpg\" alt=\"\" width=\"129\" height=\"99\" srcset=\"https:\/\/dualels.org.sv\/wp-content\/uploads\/2025\/03\/Alberto-Masferer-300x230.jpg 300w, https:\/\/dualels.org.sv\/wp-content\/uploads\/2025\/03\/Alberto-Masferer.jpg 366w\" sizes=\"auto, (max-width: 129px) 100vw, 129px\" \/><\/a><\/td>\n<td style=\"width: 6.43337%; border-style: solid; border-color: #000000; text-align: center; height: 105px;\"><a href=\"https:\/\/www.usam.edu.sv\/\" target=\"_blank\" rel=\"noopener\">https:\/\/www.usam.edu.sv\/<\/a><\/td>\n<\/tr>\n<tr style=\"height: 98px;\">\n<td style=\"width: 59.3294%; border-style: solid; border-color: #000000; height: 98px;\">Salvadoran Lutheran University (Universidad Luterana Salvadore\u00f1a)<\/td>\n<td style=\"width: 10.894%; border-style: solid; border-color: #000000; text-align: center; height: 98px;\">ULS<\/td>\n<td style=\"width: 70.0949%; border-style: solid; border-color: #000000; text-align: center; height: 98px;\"><a href=\"http:\/\/academica.uls.edu.sv\/\" target=\"_blank\" rel=\"noopener\"><img loading=\"lazy\" decoding=\"async\" class=\"aligncenter wp-image-21\" src=\"https:\/\/dualels.org.sv\/wp-content\/uploads\/2025\/03\/USL-300x230.jpg\" alt=\"\" width=\"129\" height=\"99\" srcset=\"https:\/\/dualels.org.sv\/wp-content\/uploads\/2025\/03\/USL-300x230.jpg 300w, https:\/\/dualels.org.sv\/wp-content\/uploads\/2025\/03\/USL.jpg 366w\" sizes=\"auto, (max-width: 129px) 100vw, 129px\" \/><\/a><\/td>\n<td style=\"width: 6.43337%; border-style: solid; border-color: #000000; text-align: center; height: 98px;\"><a href=\"http:\/\/academica.uls.edu.sv\/\">http:\/\/academica.uls.edu.sv\/<\/a><\/td>\n<\/tr>\n<tr>\n<td style=\"width: 59.3294%; border-style: solid; border-color: #000000;\">El Buen Chocolate<\/td>\n<td style=\"width: 10.894%; border-style: solid; border-color: #000000; text-align: center;\">EBC<\/td>\n<td style=\"width: 70.0949%; border-style: solid; border-color: #000000; text-align: center;\"><img loading=\"lazy\" decoding=\"async\" class=\"alignnone size-medium wp-image-182\" src=\"https:\/\/dualels.org.sv\/wp-content\/uploads\/2025\/05\/ElBuenChocolate-300x300.jpg\" alt=\"\" width=\"300\" height=\"300\" srcset=\"https:\/\/dualels.org.sv\/wp-content\/uploads\/2025\/05\/ElBuenChocolate-300x300.jpg 300w, https:\/\/dualels.org.sv\/wp-content\/uploads\/2025\/05\/ElBuenChocolate-150x150.jpg 150w, https:\/\/dualels.org.sv\/wp-content\/uploads\/2025\/05\/ElBuenChocolate.jpg 750w\" sizes=\"auto, (max-width: 300px) 100vw, 300px\" \/><\/td>\n<td style=\"width: 6.43337%; border-style: solid; border-color: #000000; text-align: center;\"><a href=\"https:\/\/www.facebook.com\/elbuenchocolateSV\">https:\/\/www.facebook.com\/elbuenchocolateSV<\/a><\/td>\n<\/tr>\n<\/tbody>\n<\/table>\n<p>&nbsp;<\/p>\n<p>&nbsp;<\/p>\n","protected":false},"excerpt":{"rendered":"<p>El Comit\u00e9 Directivo (SC) coordina las actividades generales del proyecto y los paquetes de trabajo. SC ser\u00e1 responsable de la gesti\u00f3n continua del proyecto, proporcionando los principales canale","protected":false},"author":2,"featured_media":0,"parent":0,"menu_order":0,"comment_status":"closed","ping_status":"closed","template":"","meta":{"pagelayer_contact_templates":[],"_pagelayer_content":"","footnotes":""},"class_list":["post-54","page","type-page","status-publish","hentry"],"_links":{"self":[{"href":"https:\/\/dualels.org.sv\/index.php?rest_route=\/wp\/v2\/pages\/54","targetHints":{"allow":["GET"]}}],"collection":[{"href":"https:\/\/dualels.org.sv\/index.php?rest_route=\/wp\/v2\/pages"}],"about":[{"href":"https:\/\/dualels.org.sv\/index.php?rest_route=\/wp\/v2\/types\/page"}],"author":[{"embeddable":true,"href":"https:\/\/dualels.org.sv\/index.php?rest_route=\/wp\/v2\/users\/2"}],"replies":[{"embeddable":true,"href":"https:\/\/dualels.org.sv\/index.php?rest_route=%2Fwp%2Fv2%2Fcomments&post=54"}],"version-history":[{"count":7,"href":"https:\/\/dualels.org.sv\/index.php?rest_route=\/wp\/v2\/pages\/54\/revisions"}],"predecessor-version":[{"id":184,"href":"https:\/\/dualels.org.sv\/index.php?rest_route=\/wp\/v2\/pages\/54\/revisions\/184"}],"wp:attachment":[{"href":"https:\/\/dualels.org.sv\/index.php?rest_route=%2Fwp%2Fv2%2Fmedia&parent=54"}],"curies":[{"name":"wp","href":"https:\/\/api.w.org\/{rel}","templated":true}]}}